{"id":179,"date":"2015-02-10T19:21:19","date_gmt":"2015-02-10T19:21:19","guid":{"rendered":"http:\/\/avada.theme-fusion.com_demos\/architecture\/?page_id=9"},"modified":"2016-12-22T10:27:53","modified_gmt":"2016-12-22T10:27:53","slug":"about","status":"publish","type":"page","link":"https:\/\/seitz-kaminsysteme.de\/?page_id=179","title":{"rendered":"\u00dcber uns"},"content":{"rendered":"<div class=\"fusion-fullwidth fullwidth-box fusion-builder-row-1 nonhundred-percent-fullwidth non-hundred-percent-height-scrolling\" style=\"--awb-background-position:left top;--awb-border-radius-top-left:0px;--awb-border-radius-top-right:0px;--awb-border-radius-bottom-right:0px;--awb-border-radius-bottom-left:0px;--awb-padding-top:150px;--awb-padding-bottom:150px;--awb-border-sizes-top:0px;--awb-border-sizes-bottom:0px;\" ><div class=\"fusion-builder-row fusion-row\"><div class=\"fusion-layout-column fusion_builder_column fusion-builder-column-0 fusion_builder_column_1_2 1_2 fusion-one-half fusion-column-first\" style=\"--awb-bg-size:cover;width:48%; margin-right: 4%;\"><div class=\"fusion-column-wrapper fusion-flex-column-wrapper-legacy\"><div class=\"fusion-text fusion-text-1\"><h2>\u00dcber uns<\/h2>\n<\/div><div class=\"fusion-sep-clear\"><\/div><div class=\"fusion-separator fusion-clearfix\" style=\"float:left;margin-top:0px;margin-bottom:40px;width:100%;max-width:170px;\"><div class=\"fusion-separator-border sep-single sep-solid\" style=\"--awb-height:20px;--awb-amount:20px;--awb-sep-color:#e2e3e8;border-color:#e2e3e8;border-top-width:3px;\"><\/div><\/div><div class=\"fusion-sep-clear\"><\/div><div class=\"fusion-text fusion-text-2\"><p>Seitz Kaminsysteme wurde 2001 gegr\u00fcndet.<\/p>\n<p>Als familiengef\u00fchrtes Unternehmen ist uns Zuverl\u00e4ssigkeit und pers\u00f6nliche Beratung besonders wichtig. Alle Materialien, die wir einsetzen und empfehlen, sind sorgf\u00e4ltig ausgew\u00e4hlt und getestet.<\/p>\n<p>Auf unser Material haben Sie eine Garantie von 25 Jahren.<\/p>\n<p><strong>Sprechen Sie uns an:<br \/>\nTel. 0 98 05\/93 38 66<br \/>\nMobil 0175 28 48 211<br \/>\ninfo@seitz-kaminsysteme.de<br \/>\n<\/strong><\/p>\n<\/div><div class=\"fusion-text fusion-text-3\"><h2><\/h2>\n<\/div><div class=\"fusion-clearfix\"><\/div><\/div><\/div><div class=\"fusion-layout-column fusion_builder_column fusion-builder-column-1 fusion_builder_column_1_2 1_2 fusion-one-half fusion-column-last\" style=\"--awb-bg-size:cover;width:48%;\"><div class=\"fusion-column-wrapper fusion-flex-column-wrapper-legacy\"><div class=\"fusion-image-element in-legacy-container\" style=\"--awb-caption-title-size:var(--h2_typography-font-size);--awb-caption-title-transform:var(--h2_typography-text-transform);--awb-caption-title-line-height:var(--h2_typography-line-height);--awb-caption-title-letter-spacing:var(--h2_typography-letter-spacing);\"><span class=\" fusion-imageframe imageframe-none imageframe-1 hover-type-zoomin fusion-animated\" data-animationType=\"fadeInDown\" data-animationDuration=\"1.0\" data-animationOffset=\"top-into-view\"><a href=\"http:\/\/seitz-kaminsysteme.de\/wp-content\/uploads\/2015\/02\/DSCN1079-300x225.jpg\" class=\"fusion-lightbox\" data-rel=\"iLightbox[cb28a6e3ef997161a70]\" data-title=\"dscn1079\" title=\"dscn1079\"><img decoding=\"async\" width=\"300\" height=\"225\" src=\"http:\/\/seitz-kaminsysteme.de\/wp-content\/uploads\/2015\/02\/DSCN1079-300x225.jpg\" alt class=\"img-responsive wp-image-692\" srcset=\"https:\/\/seitz-kaminsysteme.de\/wp-content\/uploads\/2015\/02\/DSCN1079-200x150.jpg 200w, https:\/\/seitz-kaminsysteme.de\/wp-content\/uploads\/2015\/02\/DSCN1079-400x300.jpg 400w, https:\/\/seitz-kaminsysteme.de\/wp-content\/uploads\/2015\/02\/DSCN1079-600x450.jpg 600w, https:\/\/seitz-kaminsysteme.de\/wp-content\/uploads\/2015\/02\/DSCN1079-800x600.jpg 800w, https:\/\/seitz-kaminsysteme.de\/wp-content\/uploads\/2015\/02\/DSCN1079-1200x900.jpg 1200w, https:\/\/seitz-kaminsysteme.de\/wp-content\/uploads\/2015\/02\/DSCN1079.jpg 4608w\" sizes=\"(max-width: 800px) 100vw, 600px\" \/><\/a><\/span><\/div><div class=\"fusion-sep-clear\"><\/div><div class=\"fusion-separator fusion-full-width-sep\" style=\"margin-left: auto;margin-right: auto;margin-top:40px;width:100%;\"><\/div><div class=\"fusion-sep-clear\"><\/div><div class=\"fusion-text fusion-text-4\"><p style=\"text-align: left;\">Beachten Sie unsere positiven Bewertungen bei <a href=\"https:\/\/www.my-hammer.de\/firma\/seitz-kaminsysteme-burgoberbach\/\" target=\"_blank\">my-hammer.de<\/a><\/p>\n<\/div><div class=\"fusion-clearfix\"><\/div><\/div><\/div><\/div><\/div>\n","protected":false},"excerpt":{"rendered":"","protected":false},"author":1,"featured_media":0,"parent":0,"menu_order":0,"comment_status":"closed","ping_status":"open","template":"100-width.php","meta":{"_themeisle_gutenberg_block_has_review":false},"_links":{"self":[{"href":"https:\/\/seitz-kaminsysteme.de\/index.php?rest_route=\/wp\/v2\/pages\/179"}],"collection":[{"href":"https:\/\/seitz-kaminsysteme.de\/index.php?rest_route=\/wp\/v2\/pages"}],"about":[{"href":"https:\/\/seitz-kaminsysteme.de\/index.php?rest_route=\/wp\/v2\/types\/page"}],"author":[{"embeddable":true,"href":"https:\/\/seitz-kaminsysteme.de\/index.php?rest_route=\/wp\/v2\/users\/1"}],"replies":[{"embeddable":true,"href":"https:\/\/seitz-kaminsysteme.de\/index.php?rest_route=%2Fwp%2Fv2%2Fcomments&post=179"}],"version-history":[{"count":28,"href":"https:\/\/seitz-kaminsysteme.de\/index.php?rest_route=\/wp\/v2\/pages\/179\/revisions"}],"predecessor-version":[{"id":977,"href":"https:\/\/seitz-kaminsysteme.de\/index.php?rest_route=\/wp\/v2\/pages\/179\/revisions\/977"}],"wp:attachment":[{"href":"https:\/\/seitz-kaminsysteme.de\/index.php?rest_route=%2Fwp%2Fv2%2Fmedia&parent=179"}],"curies":[{"name":"wp","href":"https:\/\/api.w.org\/{rel}","templated":true}]}}