{"id":178,"date":"2015-02-10T19:21:05","date_gmt":"2015-02-10T19:21:05","guid":{"rendered":"http:\/\/avada.theme-fusion.com_demos\/architecture\/?page_id=7"},"modified":"2023-01-11T08:33:09","modified_gmt":"2023-01-11T08:33:09","slug":"home","status":"publish","type":"page","link":"https:\/\/seitz-kaminsysteme.de\/","title":{"rendered":"Startseite"},"content":{"rendered":"<p><div class=\"fusion-fullwidth fullwidth-box fusion-builder-row-1 nonhundred-percent-fullwidth non-hundred-percent-height-scrolling\" style=\"--awb-background-position:left top;--awb-border-sizes-top:0px;--awb-border-sizes-bottom:0px;--awb-border-sizes-left:0px;--awb-border-sizes-right:0px;--awb-border-radius-top-left:0px;--awb-border-radius-top-right:0px;--awb-border-radius-bottom-right:0px;--awb-border-radius-bottom-left:0px;--awb-padding-top:150px;--awb-padding-bottom:105px;\" ><div class=\"fusion-builder-row fusion-row\"><div class=\"fusion-layout-column fusion_builder_column fusion-builder-column-0 fusion_builder_column_1_3 1_3 fusion-one-third fusion-column-first\" style=\"--awb-bg-size:cover;--awb-margin-bottom:40px;width:30.6666%; margin-right: 4%;\"><div class=\"fusion-column-wrapper fusion-flex-column-wrapper-legacy\"><div class=\"fusion-text fusion-text-1\"><h2>Herzlich Willkommen<br \/>\nbei Seitz Kaminsysteme<\/h2>\n<\/div><div class=\"fusion-sep-clear\"><\/div><div class=\"fusion-separator fusion-clearfix\" style=\"float:left;margin-top:0px;margin-bottom:35px;width:100%;max-width:170px;\"><div class=\"fusion-separator-border sep-single sep-solid\" style=\"--awb-height:20px;--awb-amount:20px;--awb-sep-color:#e2e3e8;border-color:#e2e3e8;border-top-width:3px;\"><\/div><\/div><div class=\"fusion-sep-clear\"><\/div><div class=\"fusion-text fusion-text-2\"><h3>Ihr erfahrener Partner seit 2001.<\/h3>\n<\/div><div class=\"fusion-clearfix\"><\/div><\/div><\/div><div class=\"fusion-layout-column fusion_builder_column fusion-builder-column-1 fusion_builder_column_1_3 1_3 fusion-one-third\" style=\"--awb-bg-size:cover;--awb-margin-bottom:0px;width:30.6666%; margin-right: 4%;\"><div class=\"fusion-column-wrapper fusion-flex-column-wrapper-legacy\"><div class=\"fusion-image-element in-legacy-container\" style=\"--awb-caption-title-size:var(--h2_typography-font-size);--awb-caption-title-transform:var(--h2_typography-text-transform);--awb-caption-title-line-height:var(--h2_typography-line-height);--awb-caption-title-letter-spacing:var(--h2_typography-letter-spacing);\"><span class=\" fusion-imageframe imageframe-none imageframe-1 hover-type-zoomin\"><a href=\"http:\/\/seitz-kaminsysteme.de\/wp-content\/uploads\/2015\/02\/Bild_person_bearbeitet-1024x768.jpg\" class=\"fusion-lightbox\" data-rel=\"iLightbox[c3af556e806b876e8f8]\" data-title=\"bild_person_bearbeitet\" title=\"bild_person_bearbeitet\"><img decoding=\"async\" width=\"1024\" height=\"768\" src=\"http:\/\/seitz-kaminsysteme.de\/wp-content\/uploads\/2015\/02\/Bild_person_bearbeitet-1024x768.jpg\" alt class=\"img-responsive wp-image-902\" srcset=\"https:\/\/seitz-kaminsysteme.de\/wp-content\/uploads\/2015\/02\/Bild_person_bearbeitet-200x150.jpg 200w, https:\/\/seitz-kaminsysteme.de\/wp-content\/uploads\/2015\/02\/Bild_person_bearbeitet-400x300.jpg 400w, https:\/\/seitz-kaminsysteme.de\/wp-content\/uploads\/2015\/02\/Bild_person_bearbeitet-600x450.jpg 600w, https:\/\/seitz-kaminsysteme.de\/wp-content\/uploads\/2015\/02\/Bild_person_bearbeitet-800x600.jpg 800w, https:\/\/seitz-kaminsysteme.de\/wp-content\/uploads\/2015\/02\/Bild_person_bearbeitet-1200x900.jpg 1200w, https:\/\/seitz-kaminsysteme.de\/wp-content\/uploads\/2015\/02\/Bild_person_bearbeitet.jpg 4608w\" sizes=\"(max-width: 800px) 100vw, 400px\" \/><\/a><\/span><\/div><div class=\"fusion-sep-clear\"><\/div><div class=\"fusion-separator fusion-full-width-sep fusion-clearfix\" style=\"float:left;margin-top:10px;margin-bottom:10px;width:100%;\"><\/div><div class=\"fusion-sep-clear\"><\/div><div class=\"fusion-text fusion-text-3\"><p><strong>W\u00e4rme. Wohlf\u00fchlen. Wohlbefinden.<\/strong><\/p>\n<\/div><div class=\"fusion-clearfix\"><\/div><\/div><\/div><div class=\"fusion-layout-column fusion_builder_column fusion-builder-column-2 fusion_builder_column_1_3 1_3 fusion-one-third fusion-column-last\" style=\"--awb-bg-size:cover;width:30.6666%;\"><div class=\"fusion-column-wrapper fusion-flex-column-wrapper-legacy\"><div class=\"fusion-text fusion-text-4\"><p>Sie ben\u00f6tigen einen neuen Kamin? Sie planen eine\u00a0Kaminsanierung?<\/p>\n<p>Gemeinsam mit Ihnen entwickeln wir passende L\u00f6sungen f\u00fcr Ihr Kaminsystem. Neben Ihren W\u00fcnschen, den baulichen Vorgaben und den bauvorschriftlichen Verordnungen bedenken wir vor allem die Wirtschaftlichkeit und die Effizienz Ihrer neuen Anlage.<\/p>\n<p>Ob Neubau oder Sanierung, wir liefern und montieren die passende Kaminanlage.<\/p>\n<p><strong>Sprechen Sie uns an: Tel. 0 98 05\/93 38 66!<\/strong><\/p>\n<\/div><div class=\"fusion-clearfix\"><\/div><\/div><\/div><\/div><\/div><div class=\"fusion-bg-parallax\" data-bg-align=\"center center\" data-direction=\"left\" data-mute=\"false\" data-opacity=\"100\" data-velocity=\"-0.7\" data-mobile-enabled=\"false\" data-break_parents=\"0\" data-bg-image=\"http:\/\/seitz-kaminsysteme.de\/wp-content\/uploads\/2015\/02\/webseite_seitz_bild7-300x225.png\" data-bg-repeat=\"false\" ><\/div><div class=\"fusion-fullwidth fullwidth-box fusion-builder-row-2 fusion-parallax-left nonhundred-percent-fullwidth non-hundred-percent-height-scrolling\" style=\"--awb-border-sizes-top:0px;--awb-border-sizes-bottom:0px;--awb-border-sizes-left:0px;--awb-border-sizes-right:0px;--awb-border-color:transparent;--awb-border-radius-top-left:0px;--awb-border-radius-top-right:0px;--awb-border-radius-bottom-right:0px;--awb-border-radius-bottom-left:0px;--awb-padding-top:110px;--awb-padding-bottom:110px;--awb-background-image:url(&quot;http:\/\/seitz-kaminsysteme.de\/wp-content\/uploads\/2015\/02\/webseite_seitz_bild7-300x225.png&quot;);--awb-background-size:cover;\" ><div class=\"fusion-builder-row fusion-row\"><div class=\"fusion-layout-column fusion_builder_column fusion-builder-column-3 fusion_builder_column_1_1 1_1 fusion-one-full fusion-column-first fusion-column-last fusion-column-no-min-height\" style=\"--awb-bg-size:cover;--awb-margin-bottom:0px;\"><div class=\"fusion-column-wrapper fusion-flex-column-wrapper-legacy\"><div class=\"fusion-text fusion-text-5\"><h4><span style=\"color: #ffffff; font-size: 30px; letter-spacing: 2px;\">Kaminsanierung aus Edelstahl<\/span><\/h4>\n<\/div><div class=\"fusion-clearfix\"><\/div><\/div><\/div><\/div><\/div><div class=\"fusion-bg-parallax\" data-bg-align=\"center center\" data-direction=\"right\" data-mute=\"false\" data-opacity=\"100\" data-velocity=\"-0.7\" data-mobile-enabled=\"false\" data-break_parents=\"0\" data-bg-image=\"http:\/\/seitz-kaminsysteme.de\/wp-content\/uploads\/2015\/02\/Jeremias-DW-FU-90-1-859x1024.jpg\" data-bg-repeat=\"false\" ><\/div><div class=\"fusion-fullwidth fullwidth-box fusion-builder-row-3 fusion-parallax-right nonhundred-percent-fullwidth non-hundred-percent-height-scrolling\" style=\"--awb-border-sizes-top:0px;--awb-border-sizes-bottom:0px;--awb-border-sizes-left:0px;--awb-border-sizes-right:0px;--awb-border-color:transparent;--awb-border-radius-top-left:0px;--awb-border-radius-top-right:0px;--awb-border-radius-bottom-right:0px;--awb-border-radius-bottom-left:0px;--awb-padding-top:110px;--awb-padding-bottom:110px;--awb-background-image:url(&quot;http:\/\/seitz-kaminsysteme.de\/wp-content\/uploads\/2015\/02\/Jeremias-DW-FU-90-1-859x1024.jpg&quot;);--awb-background-size:cover;\" ><div class=\"fusion-builder-row fusion-row\"><div class=\"fusion-layout-column fusion_builder_column fusion-builder-column-4 fusion_builder_column_1_1 1_1 fusion-one-full fusion-column-first fusion-column-last fusion-column-no-min-height\" style=\"--awb-bg-size:cover;--awb-margin-bottom:0px;\"><div class=\"fusion-column-wrapper fusion-flex-column-wrapper-legacy\"><div class=\"fusion-text fusion-text-6\"><h4><span style=\"color: #ffffff; font-size: 30px; letter-spacing: 2px;\">Au\u00dfenwandkamin aus Edelstahl<\/span><\/h4>\n<\/div><div class=\"fusion-clearfix\"><\/div><\/div><\/div><\/div><\/div><div class=\"fusion-fullwidth fullwidth-box fusion-builder-row-4 hundred-percent-fullwidth non-hundred-percent-height-scrolling\" style=\"--awb-border-radius-top-left:0px;--awb-border-radius-top-right:0px;--awb-border-radius-bottom-right:0px;--awb-border-radius-bottom-left:0px;--awb-overflow:visible;--awb-margin-top:-5px;\" ><div class=\"fusion-builder-row fusion-row\"><div class=\"fusion-layout-column fusion_builder_column fusion-builder-column-5 fusion_builder_column_1_1 1_1 fusion-one-full fusion-column-first fusion-column-last fusion-column-no-min-height\" style=\"--awb-bg-size:cover;--awb-margin-bottom:0px;\"><div class=\"fusion-column-wrapper fusion-flex-column-wrapper-legacy\"><div class=\"fusion-sep-clear\"><\/div><div class=\"fusion-separator fusion-full-width-sep fusion-clearfix\" style=\"float:left;width:100%;\"><\/div><div class=\"fusion-sep-clear\"><\/div><div class=\"fusion-clearfix\"><\/div><\/div><\/div><\/div><\/div><div class=\"fusion-bg-parallax\" data-bg-align=\"center center\" data-direction=\"left\" data-mute=\"false\" data-opacity=\"100\" data-velocity=\"-0.7\" data-mobile-enabled=\"false\" data-break_parents=\"0\" data-bg-image=\"http:\/\/seitz-kaminsysteme.de\/wp-content\/uploads\/2015\/02\/Webseite_zwischen-1024x530.png\" data-bg-repeat=\"false\" ><\/div><div class=\"fusion-fullwidth fullwidth-box fusion-builder-row-5 fusion-parallax-left nonhundred-percent-fullwidth non-hundred-percent-height-scrolling\" style=\"--awb-border-sizes-top:0px;--awb-border-sizes-bottom:0px;--awb-border-sizes-left:0px;--awb-border-sizes-right:0px;--awb-border-color:transparent;--awb-border-radius-top-left:0px;--awb-border-radius-top-right:0px;--awb-border-radius-bottom-right:0px;--awb-border-radius-bottom-left:0px;--awb-padding-top:110px;--awb-padding-bottom:110px;--awb-background-image:url(&quot;http:\/\/seitz-kaminsysteme.de\/wp-content\/uploads\/2015\/02\/Webseite_zwischen-1024x530.png&quot;);--awb-background-size:cover;\" ><div class=\"fusion-builder-row fusion-row\"><div class=\"fusion-layout-column fusion_builder_column fusion-builder-column-6 fusion_builder_column_1_1 1_1 fusion-one-full fusion-column-first fusion-column-last fusion-column-no-min-height\" style=\"--awb-bg-size:cover;--awb-margin-bottom:0px;\"><div class=\"fusion-column-wrapper fusion-flex-column-wrapper-legacy\"><div class=\"fusion-text fusion-text-7\"><h4><span style=\"color: #ffffff; font-size: 30px; letter-spacing: 2px;\">Kernlochbohrung<\/span><\/h4>\n<\/div><div class=\"fusion-clearfix\"><\/div><\/div><\/div><\/div><\/div><div class=\"fusion-bg-parallax\" data-bg-align=\"center center\" data-direction=\"left\" data-mute=\"false\" data-opacity=\"100\" data-velocity=\"-0.7\" data-mobile-enabled=\"false\" data-break_parents=\"0\" data-bg-image=\"http:\/\/seitz-kaminsysteme.de\/wp-content\/uploads\/2015\/02\/neuebilder_003-1.jpg\" data-bg-repeat=\"false\" ><\/div><div class=\"fusion-fullwidth fullwidth-box fusion-builder-row-6 fusion-parallax-left nonhundred-percent-fullwidth non-hundred-percent-height-scrolling\" style=\"--awb-border-sizes-top:0px;--awb-border-sizes-bottom:0px;--awb-border-sizes-left:0px;--awb-border-sizes-right:0px;--awb-border-color:transparent;--awb-border-radius-top-left:0px;--awb-border-radius-top-right:0px;--awb-border-radius-bottom-right:0px;--awb-border-radius-bottom-left:0px;--awb-padding-top:110px;--awb-padding-bottom:110px;--awb-background-image:url(&quot;http:\/\/seitz-kaminsysteme.de\/wp-content\/uploads\/2015\/02\/neuebilder_003-1.jpg&quot;);--awb-background-size:cover;\" ><div class=\"fusion-builder-row fusion-row\"><div class=\"fusion-layout-column fusion_builder_column fusion-builder-column-7 fusion_builder_column_1_1 1_1 fusion-one-full fusion-column-first fusion-column-last fusion-column-no-min-height\" style=\"--awb-bg-size:cover;--awb-margin-bottom:0px;\"><div class=\"fusion-column-wrapper fusion-flex-column-wrapper-legacy\"><div class=\"fusion-text fusion-text-8\"><h4><span style=\"color: #ffffff; font-size: 30px; letter-spacing: 2px;\">Anschluss Ihres Ofens<\/span><\/h4>\n<\/div><div class=\"fusion-clearfix\"><\/div><\/div><\/div><\/div><\/div><div class=\"fusion-bg-parallax\" data-bg-align=\"center center\" data-direction=\"left\" data-mute=\"false\" data-opacity=\"100\" data-velocity=\"-0.7\" data-mobile-enabled=\"false\" data-break_parents=\"0\" data-bg-image=\"http:\/\/seitz-kaminsysteme.de\/wp-content\/uploads\/2015\/02\/Webseite_kamin_zwischen-1024x580.jpg\" data-bg-repeat=\"false\" ><\/div><div class=\"fusion-fullwidth fullwidth-box fusion-builder-row-7 fusion-parallax-left nonhundred-percent-fullwidth non-hundred-percent-height-scrolling\" style=\"--awb-border-sizes-top:0px;--awb-border-sizes-bottom:0px;--awb-border-sizes-left:0px;--awb-border-sizes-right:0px;--awb-border-color:transparent;--awb-border-radius-top-left:0px;--awb-border-radius-top-right:0px;--awb-border-radius-bottom-right:0px;--awb-border-radius-bottom-left:0px;--awb-padding-top:110px;--awb-padding-bottom:110px;--awb-background-image:url(&quot;http:\/\/seitz-kaminsysteme.de\/wp-content\/uploads\/2015\/02\/Webseite_kamin_zwischen-1024x580.jpg&quot;);--awb-background-size:cover;\" ><div class=\"fusion-builder-row fusion-row\"><div class=\"fusion-layout-column fusion_builder_column fusion-builder-column-8 fusion_builder_column_1_1 1_1 fusion-one-full fusion-column-first fusion-column-last fusion-column-no-min-height\" style=\"--awb-bg-size:cover;--awb-margin-bottom:0px;\"><div class=\"fusion-column-wrapper fusion-flex-column-wrapper-legacy\"><div class=\"fusion-text fusion-text-9\"><h4><span style=\"color: #ffffff; font-size: 30px; letter-spacing: 2px;\">\u00d6fen<\/span><\/h4>\n<\/div><div class=\"fusion-clearfix\"><\/div><\/div><\/div><\/div><\/div><div class=\"fusion-fullwidth fullwidth-box fusion-builder-row-8 nonhundred-percent-fullwidth non-hundred-percent-height-scrolling\" style=\"--awb-background-position:left top;--awb-border-sizes-top:0px;--awb-border-sizes-bottom:0px;--awb-border-sizes-left:0px;--awb-border-sizes-right:0px;--awb-border-radius-top-left:0px;--awb-border-radius-top-right:0px;--awb-border-radius-bottom-right:0px;--awb-border-radius-bottom-left:0px;--awb-padding-top:130px;--awb-padding-bottom:120px;\" ><div class=\"fusion-builder-row fusion-row\"><div class=\"fusion-layout-column fusion_builder_column fusion-builder-column-9 fusion_builder_column_1_3 1_3 fusion-one-third fusion-column-first\" style=\"--awb-bg-position:right center;--awb-bg-size:cover;--awb-border-color:#e0dede;--awb-border-right:3px;--awb-border-style:solid;--awb-margin-bottom:0px;width:30.6666%; margin-right: 4%;\"><div class=\"fusion-column-wrapper fusion-flex-column-wrapper-legacy\"><div class=\"fusion-text fusion-text-10\"><h2>PROJEKTE<\/h2>\n<\/div><div class=\"fusion-clearfix\"><\/div><\/div><\/div><div class=\"fusion-layout-column fusion_builder_column fusion-builder-column-10 fusion_builder_column_2_3 2_3 fusion-two-third fusion-column-last\" style=\"--awb-bg-size:cover;--awb-margin-bottom:155px;width:65.3333%;\"><div class=\"fusion-column-wrapper fusion-flex-column-wrapper-legacy\"><div class=\"fusion-text fusion-text-11\"><h3><em>Hier finden Sie eine Auswahl unserer Projekte.<\/em><\/h3>\n<\/div><div class=\"fusion-clearfix\"><\/div><\/div><\/div><div class=\"fusion-layout-column fusion_builder_column fusion-builder-column-11 fusion_builder_column_1_1 1_1 fusion-one-full fusion-column-first fusion-column-last fusion-column-no-min-height\" style=\"--awb-bg-size:cover;--awb-margin-bottom:0px;\"><div class=\"fusion-column-wrapper fusion-flex-column-wrapper-legacy\"><div class=\"fusion-recent-works fusion-portfolio-element fusion-portfolio fusion-portfolio-1 fusion-portfolio-grid fusion-portfolio-paging-none fusion-portfolio-three fusion-portfolio-no_text fusion-portfolio-rollover fusion-animated\" data-id=\"-rw-1\" data-columns=\"three\" data-animationType=\"fadeInDown\" data-animationDuration=\"1\" data-animationOffset=\"top-into-view\"><style type=\"text\/css\">.fusion-portfolio-1 .fusion-portfolio-wrapper .fusion-col-spacing{padding:15px;}<\/style><div class=\"fusion-portfolio-wrapper\" id=\"fusion-portfolio-1\" data-picturesize=\"auto\" data-pages=\"3\" style=\"margin:-15px;\"><article id=\"portfolio-1-post-177\" class=\"fusion-portfolio-post commercial industrial fusion-col-spacing post-177\"><div class=\"fusion-portfolio-content-wrapper\" style=\"border:none;\"><span class=\"entry-title rich-snippet-hidden\">Stahlkamine<\/span><span class=\"vcard rich-snippet-hidden\"><span class=\"fn\"><a href=\"https:\/\/seitz-kaminsysteme.de\/?author=1\" title=\"Beitr\u00e4ge von seitzkaminsysteme\" rel=\"author\">seitzkaminsysteme<\/a><\/span><\/span><span class=\"updated rich-snippet-hidden\">2017-02-01T09:57:54+00:00<\/span><div  class=\"fusion-image-wrapper\" aria-haspopup=\"true\">\n\t\t\t\t<img width=\"3264\" height=\"2448\" src=\"https:\/\/seitz-kaminsysteme.de\/wp-content\/uploads\/2015\/02\/webseite_seitz_bild7.png\" class=\"attachment-full size-full wp-post-image\" alt=\"\" decoding=\"async\" srcset=\"https:\/\/seitz-kaminsysteme.de\/wp-content\/uploads\/2015\/02\/webseite_seitz_bild7-200x150.png 200w, https:\/\/seitz-kaminsysteme.de\/wp-content\/uploads\/2015\/02\/webseite_seitz_bild7-400x300.png 400w, https:\/\/seitz-kaminsysteme.de\/wp-content\/uploads\/2015\/02\/webseite_seitz_bild7-600x450.png 600w, https:\/\/seitz-kaminsysteme.de\/wp-content\/uploads\/2015\/02\/webseite_seitz_bild7-800x600.png 800w, https:\/\/seitz-kaminsysteme.de\/wp-content\/uploads\/2015\/02\/webseite_seitz_bild7-1200x900.png 1200w, https:\/\/seitz-kaminsysteme.de\/wp-content\/uploads\/2015\/02\/webseite_seitz_bild7.png 3264w\" sizes=\"(min-width: 2200px) 100vw, (min-width: 824px) 370px, (min-width: 732px) 555px, (min-width: 640px) 732px, \" \/><div class=\"fusion-rollover\">\n\t<div class=\"fusion-rollover-content\">\n\n\t\t\t\t\t\t\t\t\t\t\t\t\t\t<a class=\"fusion-rollover-link\" href=\"https:\/\/seitz-kaminsysteme.de\/?avada_portfolio=sunrise-avenue\">Stahlkamine<\/a>\n\t\t\t\n\t\t\t\t\t\t\t\t\t\t\t\t\t\t\n\t\t\t\t\t\t\t\t\n\t\t\t\t\t\t\t\t\t\t\t\t\t<div class=\"fusion-rollover-sep\"><\/div>\n\t\t\t\t\n\t\t\t\t\t\t\t\t\t\t\t\t\t\t\t\t\t\t<a class=\"fusion-rollover-gallery\" href=\"https:\/\/seitz-kaminsysteme.de\/wp-content\/uploads\/2015\/02\/webseite_seitz_bild7.png\" data-id=\"177\" data-rel=\"iLightbox[gallery-rw-1]\" data-title=\"webseite_seitz_bild7\" data-caption=\"\">\n\t\t\t\t\t\tGallerie\t\t\t\t\t<\/a>\n\t\t\t\t\t\t\t\t\t\t\t\t\t\t\n\t\t\n\t\t\t\t\t\t\t\t\t\t\t\t<h4 class=\"fusion-rollover-title\">\n\t\t\t\t\t<a class=\"fusion-rollover-title-link\" href=\"https:\/\/seitz-kaminsysteme.de\/?avada_portfolio=sunrise-avenue\">\n\t\t\t\t\t\tStahlkamine\t\t\t\t\t<\/a>\n\t\t\t\t<\/h4>\n\t\t\t\n\t\t\t\t\t\t\t\t\n\t\t\n\t\t\t\t\t\t<a class=\"fusion-link-wrapper\" href=\"https:\/\/seitz-kaminsysteme.de\/?avada_portfolio=sunrise-avenue\" aria-label=\"Stahlkamine\"><\/a>\n\t<\/div>\n<\/div>\n<\/div>\n<\/div><\/article><article id=\"portfolio-1-post-176\" class=\"fusion-portfolio-post commercial fusion-col-spacing post-176\"><div class=\"fusion-portfolio-content-wrapper\" style=\"border:none;\"><span class=\"entry-title rich-snippet-hidden\">Au\u00dfenwandkamine<\/span><span class=\"vcard rich-snippet-hidden\"><span class=\"fn\"><a href=\"https:\/\/seitz-kaminsysteme.de\/?author=1\" title=\"Beitr\u00e4ge von seitzkaminsysteme\" rel=\"author\">seitzkaminsysteme<\/a><\/span><\/span><span class=\"updated rich-snippet-hidden\">2017-02-01T09:56:59+00:00<\/span><div  class=\"fusion-image-wrapper\" aria-haspopup=\"true\">\n\t\t\t\t<img width=\"3264\" height=\"2448\" src=\"https:\/\/seitz-kaminsysteme.de\/wp-content\/uploads\/2015\/02\/GRID.jpg\" class=\"attachment-full size-full wp-post-image\" alt=\"\" decoding=\"async\" srcset=\"https:\/\/seitz-kaminsysteme.de\/wp-content\/uploads\/2015\/02\/GRID-200x150.jpg 200w, https:\/\/seitz-kaminsysteme.de\/wp-content\/uploads\/2015\/02\/GRID-400x300.jpg 400w, https:\/\/seitz-kaminsysteme.de\/wp-content\/uploads\/2015\/02\/GRID-600x450.jpg 600w, https:\/\/seitz-kaminsysteme.de\/wp-content\/uploads\/2015\/02\/GRID-800x600.jpg 800w, https:\/\/seitz-kaminsysteme.de\/wp-content\/uploads\/2015\/02\/GRID-1200x900.jpg 1200w, https:\/\/seitz-kaminsysteme.de\/wp-content\/uploads\/2015\/02\/GRID.jpg 3264w\" sizes=\"(min-width: 2200px) 100vw, (min-width: 824px) 370px, (min-width: 732px) 555px, (min-width: 640px) 732px, \" \/><div class=\"fusion-rollover\">\n\t<div class=\"fusion-rollover-content\">\n\n\t\t\t\t\t\t\t\t\t\t\t\t\t\t<a class=\"fusion-rollover-link\" href=\"https:\/\/seitz-kaminsysteme.de\/?avada_portfolio=singapore-skyrise\">Au\u00dfenwandkamine<\/a>\n\t\t\t\n\t\t\t\t\t\t\t\t\t\t\t\t\t\t\n\t\t\t\t\t\t\t\t\n\t\t\t\t\t\t\t\t\t\t\t\t\t<div class=\"fusion-rollover-sep\"><\/div>\n\t\t\t\t\n\t\t\t\t\t\t\t\t\t\t\t\t\t\t\t\t\t\t<a class=\"fusion-rollover-gallery\" href=\"https:\/\/seitz-kaminsysteme.de\/wp-content\/uploads\/2015\/02\/GRID.jpg\" data-id=\"176\" data-rel=\"iLightbox[gallery-rw-1]\" data-title=\"grid\" data-caption=\"\">\n\t\t\t\t\t\tGallerie\t\t\t\t\t<\/a>\n\t\t\t\t\t\t\t\t\t\t\t\t\t\t\n\t\t\n\t\t\t\t\t\t\t\t\t\t\t\t<h4 class=\"fusion-rollover-title\">\n\t\t\t\t\t<a class=\"fusion-rollover-title-link\" href=\"https:\/\/seitz-kaminsysteme.de\/?avada_portfolio=singapore-skyrise\">\n\t\t\t\t\t\tAu\u00dfenwandkamine\t\t\t\t\t<\/a>\n\t\t\t\t<\/h4>\n\t\t\t\n\t\t\t\t\t\t\t\t\n\t\t\n\t\t\t\t\t\t<a class=\"fusion-link-wrapper\" href=\"https:\/\/seitz-kaminsysteme.de\/?avada_portfolio=singapore-skyrise\" aria-label=\"Au\u00dfenwandkamine\"><\/a>\n\t<\/div>\n<\/div>\n<\/div>\n<\/div><\/article><article id=\"portfolio-1-post-175\" class=\"fusion-portfolio-post commercial industrial fusion-col-spacing post-175\"><div class=\"fusion-portfolio-content-wrapper\" style=\"border:none;\"><span class=\"entry-title rich-snippet-hidden\">L\u00fcftungst\u00fcrme<\/span><span class=\"vcard rich-snippet-hidden\"><span class=\"fn\"><a href=\"https:\/\/seitz-kaminsysteme.de\/?author=1\" title=\"Beitr\u00e4ge von seitzkaminsysteme\" rel=\"author\">seitzkaminsysteme<\/a><\/span><\/span><span class=\"updated rich-snippet-hidden\">2017-02-01T09:55:32+00:00<\/span><div  class=\"fusion-image-wrapper\" aria-haspopup=\"true\">\n\t\t\t\t<img width=\"3264\" height=\"2448\" src=\"https:\/\/seitz-kaminsysteme.de\/wp-content\/uploads\/2015\/02\/GRID2.jpg\" class=\"attachment-full size-full wp-post-image\" alt=\"\" decoding=\"async\" srcset=\"https:\/\/seitz-kaminsysteme.de\/wp-content\/uploads\/2015\/02\/GRID2-200x150.jpg 200w, https:\/\/seitz-kaminsysteme.de\/wp-content\/uploads\/2015\/02\/GRID2-400x300.jpg 400w, https:\/\/seitz-kaminsysteme.de\/wp-content\/uploads\/2015\/02\/GRID2-600x450.jpg 600w, https:\/\/seitz-kaminsysteme.de\/wp-content\/uploads\/2015\/02\/GRID2-800x600.jpg 800w, https:\/\/seitz-kaminsysteme.de\/wp-content\/uploads\/2015\/02\/GRID2-1200x900.jpg 1200w, https:\/\/seitz-kaminsysteme.de\/wp-content\/uploads\/2015\/02\/GRID2.jpg 3264w\" sizes=\"(min-width: 2200px) 100vw, (min-width: 824px) 370px, (min-width: 732px) 555px, (min-width: 640px) 732px, \" \/><div class=\"fusion-rollover\">\n\t<div class=\"fusion-rollover-content\">\n\n\t\t\t\t\t\t\t\t\t\t\t\t\t\t<a class=\"fusion-rollover-link\" href=\"https:\/\/seitz-kaminsysteme.de\/?avada_portfolio=st-lucia-sunsets\">L\u00fcftungst\u00fcrme<\/a>\n\t\t\t\n\t\t\t\t\t\t\t\t\t\t\t\t\t\t\n\t\t\t\t\t\t\t\t\n\t\t\t\t\t\t\t\t\t\t\t\t\t<div class=\"fusion-rollover-sep\"><\/div>\n\t\t\t\t\n\t\t\t\t\t\t\t\t\t\t\t\t\t\t\t\t\t\t<a class=\"fusion-rollover-gallery\" href=\"https:\/\/seitz-kaminsysteme.de\/wp-content\/uploads\/2015\/02\/GRID2.jpg\" data-id=\"175\" data-rel=\"iLightbox[gallery-rw-1]\" data-title=\"grid2\" data-caption=\"\">\n\t\t\t\t\t\tGallerie\t\t\t\t\t<\/a>\n\t\t\t\t\t\t\t\t\t\t\t\t\t\t\n\t\t\n\t\t\t\t\t\t\t\t\t\t\t\t<h4 class=\"fusion-rollover-title\">\n\t\t\t\t\t<a class=\"fusion-rollover-title-link\" href=\"https:\/\/seitz-kaminsysteme.de\/?avada_portfolio=st-lucia-sunsets\">\n\t\t\t\t\t\tL\u00fcftungst\u00fcrme\t\t\t\t\t<\/a>\n\t\t\t\t<\/h4>\n\t\t\t\n\t\t\t\t\t\t\t\t\n\t\t\n\t\t\t\t\t\t<a class=\"fusion-link-wrapper\" href=\"https:\/\/seitz-kaminsysteme.de\/?avada_portfolio=st-lucia-sunsets\" aria-label=\"L\u00fcftungst\u00fcrme\"><\/a>\n\t<\/div>\n<\/div>\n<\/div>\n<\/div><\/article><\/div><\/div><div class=\"fusion-clearfix\"><\/div><\/div><\/div><\/div><\/div><\/p>\n","protected":false},"excerpt":{"rendered":"","protected":false},"author":1,"featured_media":0,"parent":0,"menu_order":0,"comment_status":"closed","ping_status":"open","template":"templates\/wpmm-page-template.php","meta":{"_themeisle_gutenberg_block_has_review":false},"_links":{"self":[{"href":"https:\/\/seitz-kaminsysteme.de\/index.php?rest_route=\/wp\/v2\/pages\/178"}],"collection":[{"href":"https:\/\/seitz-kaminsysteme.de\/index.php?rest_route=\/wp\/v2\/pages"}],"about":[{"href":"https:\/\/seitz-kaminsysteme.de\/index.php?rest_route=\/wp\/v2\/types\/page"}],"author":[{"embeddable":true,"href":"https:\/\/seitz-kaminsysteme.de\/index.php?rest_route=\/wp\/v2\/users\/1"}],"replies":[{"embeddable":true,"href":"https:\/\/seitz-kaminsysteme.de\/index.php?rest_route=%2Fwp%2Fv2%2Fcomments&post=178"}],"version-history":[{"count":41,"href":"https:\/\/seitz-kaminsysteme.de\/index.php?rest_route=\/wp\/v2\/pages\/178\/revisions"}],"predecessor-version":[{"id":986,"href":"https:\/\/seitz-kaminsysteme.de\/index.php?rest_route=\/wp\/v2\/pages\/178\/revisions\/986"}],"wp:attachment":[{"href":"https:\/\/seitz-kaminsysteme.de\/index.php?rest_route=%2Fwp%2Fv2%2Fmedia&parent=178"}],"curies":[{"name":"wp","href":"https:\/\/api.w.org\/{rel}","templated":true}]}}