{"id":809,"date":"2016-11-14T13:47:55","date_gmt":"2016-11-14T13:47:55","guid":{"rendered":"http:\/\/seitz-kaminsysteme.de\/?page_id=809"},"modified":"2016-12-07T12:53:50","modified_gmt":"2016-12-07T12:53:50","slug":"impressum","status":"publish","type":"page","link":"http:\/\/seitz-kaminsysteme.de\/?page_id=809","title":{"rendered":"Impressum"},"content":{"rendered":"<div class=\"fusion-fullwidth fullwidth-box fusion-builder-row-1 nonhundred-percent-fullwidth non-hundred-percent-height-scrolling\" style=\"--awb-border-radius-top-left:0px;--awb-border-radius-top-right:0px;--awb-border-radius-bottom-right:0px;--awb-border-radius-bottom-left:0px;--awb-padding-top:20px;--awb-padding-bottom:20px;\" ><div class=\"fusion-builder-row fusion-row\"><div class=\"fusion-layout-column fusion_builder_column fusion-builder-column-0 fusion_builder_column_1_1 1_1 fusion-one-full fusion-column-first fusion-column-last\" style=\"--awb-bg-size:cover;\"><div class=\"fusion-column-wrapper fusion-flex-column-wrapper-legacy\"><div class=\"fusion-text fusion-text-1\"><h3>Impressum<\/h3>\n<p>Seitz Kaminsysteme<br \/>\nGesch\u00e4ftsf\u00fchrer<br \/>\nMarion Seitz<\/p>\n<p>Sommersdorf 33<br \/>\n91595 Burgoberbach<\/p>\n<p>Telefon 09805 933866<br \/>\nFax 09805 933865<br \/>\nMobil 0175 2848211 (Bernhard Seitz)<\/p>\n<p>Mail:\u00a0<a href=\"mailto:info@seitz-kaminsysteme.de\">info@seitz-kaminsysteme.de<\/a><\/p>\n<p>Mitglied der Handwerkskammer Mittelfranken (N\u00fcrnberg) (Betriebsnummer: 0083389)<br \/>\nBerufsgenossenschaft Metall Nord S\u00fcd<\/p>\n<p>Umsatzsteueridentifikationsnummer: DE\u00a0228140673<\/p>\n<p>Verantwortlich f\u00fcr den Inhalt: Marion Seitz, Gesch\u00e4ftsf\u00fchrerin<\/p>\n<\/div><div class=\"fusion-clearfix\"><\/div><\/div><\/div><\/div><\/div>\n","protected":false},"excerpt":{"rendered":"","protected":false},"author":1,"featured_media":0,"parent":0,"menu_order":0,"comment_status":"closed","ping_status":"closed","template":"","meta":{"_themeisle_gutenberg_block_has_review":false},"_links":{"self":[{"href":"http:\/\/seitz-kaminsysteme.de\/index.php?rest_route=\/wp\/v2\/pages\/809"}],"collection":[{"href":"http:\/\/seitz-kaminsysteme.de\/index.php?rest_route=\/wp\/v2\/pages"}],"about":[{"href":"http:\/\/seitz-kaminsysteme.de\/index.php?rest_route=\/wp\/v2\/types\/page"}],"author":[{"embeddable":true,"href":"http:\/\/seitz-kaminsysteme.de\/index.php?rest_route=\/wp\/v2\/users\/1"}],"replies":[{"embeddable":true,"href":"http:\/\/seitz-kaminsysteme.de\/index.php?rest_route=%2Fwp%2Fv2%2Fcomments&post=809"}],"version-history":[{"count":9,"href":"http:\/\/seitz-kaminsysteme.de\/index.php?rest_route=\/wp\/v2\/pages\/809\/revisions"}],"predecessor-version":[{"id":922,"href":"http:\/\/seitz-kaminsysteme.de\/index.php?rest_route=\/wp\/v2\/pages\/809\/revisions\/922"}],"wp:attachment":[{"href":"http:\/\/seitz-kaminsysteme.de\/index.php?rest_route=%2Fwp%2Fv2%2Fmedia&parent=809"}],"curies":[{"name":"wp","href":"https:\/\/api.w.org\/{rel}","templated":true}]}}